{"id":1334,"date":"2018-10-12T10:24:10","date_gmt":"2018-10-12T10:24:10","guid":{"rendered":"http:\/\/hotello-demo.loc\/esperanza\/?page_id=1334"},"modified":"2025-11-17T18:09:23","modified_gmt":"2025-11-17T18:09:23","slug":"services","status":"publish","type":"page","link":"https:\/\/pension-angern.com\/2024\/services\/","title":{"rendered":"Allgemeine Infos"},"content":{"rendered":"<div class=\"wpb-content-wrapper\"><p>[vc_row][vc_column][stm_spacer height=&#8221;25&#8243; height_laptop=&#8221;25&#8243; height_tablet=&#8221;25&#8243; height_mobile=&#8221;25&#8243;][\/vc_column][\/vc_row][vc_row][vc_column width=&#8221;1\/4&#8243;][\/vc_column][vc_column width=&#8221;1\/2&#8243;][vc_custom_heading text=&#8221;Allgemeine Informationen&#8221; font_container=&#8221;tag:h2|text_align:center&#8221; use_theme_fonts=&#8221;yes&#8221; heading_icon=&#8221;stmicon-haircut&#8221; heading_icon_color=&#8221;ttc&#8221;][vc_column_text css=&#8221;&#8221;]<\/p>\n<div class=\"wpb_text_column wpb_content_element vc_custom_1661542458861\">\n<div class=\"wpb_wrapper\">\n<div id=\"pg-4402-0\" class=\"panel-grid panel-no-style\">\n<div id=\"pgc-4402-0-0\" class=\"panel-grid-cell\">\n<div id=\"panel-4402-0-0-0\" class=\"so-panel widget widget_text panel-first-child panel-last-child\" data-index=\"0\">\n<div class=\"textwidget\">\n<div class=\"wpb_text_column wpb_content_element vc_custom_1662028594502\">\n<div class=\"wpb_wrapper\">\n<div id=\"pg-4402-0\" class=\"panel-grid panel-no-style\">\n<div id=\"pgc-4402-0-0\" class=\"panel-grid-cell\">\n<div id=\"panel-4402-0-0-0\" class=\"so-panel widget widget_text panel-first-child panel-last-child\" data-index=\"0\">\n<div class=\"textwidget\">\n<h3>Preise<\/h3>\n<\/div>\n<\/div>\n<\/div>\n<\/div>\n<div id=\"pgc-4402-1-0\" class=\"panel-grid-cell\">\n<div>\n<p><strong>Preise verstehen sich im Winter inklusive:<\/strong> Halbpension mit Fr\u00fcst\u00fccksbuffet und 3-g\u00e4ngigem Abendmen\u00fc (Fr-Mi).<\/p>\n<p><strong>Preise verstehen sich exklusive:<\/strong> Ortstaxe und Halbpension am Donnerstag (im Winter). Am Donnerstag hat das Restaurant am Abend geschlossen, der Preis\u00a0 am Donnerstag wird nur f\u00fcr \u00dcbernachtung mit Fr\u00fchst\u00fcck berechnet (Abzug Abendessen Erwachsene \u20ac 24,- Kinder \u20ac 18,-).<\/p>\n<p>Die Ortstaxe von Euro 5,- pro Person und Nacht ist im angef\u00fchrten Gesamtpreis nicht enthalten und wird vom Gastgeber direkt verrechnet. Von der Abgabe befreit sind Kinder und Jugendliche bis zum Ende des Kalenderjahres, in dem sie 15 Jahre alt werden.<\/p>\n<p>&nbsp;<\/p>\n<\/div>\n<h3 class=\"textwidget\">Gesch\u00e4ftsbedingungen<\/h3>\n<div class=\"textwidget\"><strong>Buchung- und Stornobedingungen:<\/strong> Es gelten die Bestimmungen gem\u00e4\u00dfe der \u00f6sterreichischen Hotelvertragsbedingungen! Bei versp\u00e4teter Anreise oder vorzeitiger Abreise werden die Zimmer f\u00fcr die volle Reservierungsdauer berechnet.<\/div>\n<\/div>\n<\/div>\n<\/div>\n<\/div>\n<\/div>\n<\/div>\n<\/div>\n<\/div>\n<\/div>\n<p>[\/vc_column_text][stm_spacer height=&#8221;32&#8243; height_laptop=&#8221;25&#8243; height_tablet=&#8221;25&#8243; height_mobile=&#8221;25&#8243;][\/vc_column][vc_column width=&#8221;1\/4&#8243;][\/vc_column][\/vc_row][vc_row][vc_column width=&#8221;1\/4&#8243;][\/vc_column][vc_column width=&#8221;1\/2&#8243;][vc_custom_heading text=&#8221;Bezahlung \/ Abrechnung&#8221; font_container=&#8221;tag:h2|text_align:center&#8221; use_theme_fonts=&#8221;yes&#8221; heading_icon=&#8221;stmicon-haircut&#8221; heading_icon_color=&#8221;ttc&#8221;][stm_spacer height=&#8221;5&#8243; height_laptop=&#8221;5&#8243; height_tablet=&#8221;5&#8243; height_mobile=&#8221;5&#8243;][vc_column_text css=&#8221;&#8221;]<\/p>\n<div class=\"wpb_text_column wpb_content_element vc_custom_1661542458861\">\n<div class=\"wpb_wrapper\">\n<div id=\"pg-4402-0\" class=\"panel-grid panel-no-style\">\n<div id=\"pgc-4402-0-0\" class=\"panel-grid-cell\">\n<div id=\"panel-4402-0-0-0\" class=\"so-panel widget widget_text panel-first-child panel-last-child\" data-index=\"0\">\n<div class=\"textwidget\">\n<div class=\"wpb_text_column wpb_content_element vc_custom_1662028594502\">WIR AKZEPTIEREN Bargeld, EC- und Kreditkarten!<\/div>\n<div>Die Abrechnung erfolgt bitte sp\u00e4testens am Vorabend der Abreise.<\/div>\n<div><strong>Als Anzahlung<\/strong> wird jener Betrag gutgeschrieben, der auf unserem Konto eingelangt ist.<\/div>\n<\/div>\n<\/div>\n<\/div>\n<\/div>\n<\/div>\n<\/div>\n<p>[\/vc_column_text][stm_spacer height=&#8221;32&#8243; height_laptop=&#8221;25&#8243; height_tablet=&#8221;25&#8243; height_mobile=&#8221;25&#8243;][\/vc_column][vc_column width=&#8221;1\/4&#8243;][\/vc_column][\/vc_row][vc_row][vc_column width=&#8221;1\/4&#8243;][\/vc_column][vc_column width=&#8221;1\/2&#8243;][vc_custom_heading text=&#8221;Check in\/out&#8221; font_container=&#8221;tag:h2|text_align:center&#8221; use_theme_fonts=&#8221;yes&#8221; heading_icon=&#8221;stmicon-haircut&#8221; heading_icon_color=&#8221;ttc&#8221;][stm_spacer height=&#8221;5&#8243; height_laptop=&#8221;5&#8243; height_tablet=&#8221;5&#8243; height_mobile=&#8221;5&#8243;][vc_column_text]<\/p>\n<div class=\"wpb_text_column wpb_content_element vc_custom_1661542458861\">\n<div class=\"wpb_wrapper\">\n<div id=\"pg-4402-0\" class=\"panel-grid panel-no-style\">\n<div id=\"pgc-4402-0-0\" class=\"panel-grid-cell\">\n<div id=\"panel-4402-0-0-0\" class=\"so-panel widget widget_text panel-first-child panel-last-child\" data-index=\"0\">\n<div class=\"textwidget\">\n<div class=\"wpb_text_column wpb_content_element vc_custom_1662028594502\">\n<div class=\"wpb_wrapper\"><strong>Check in:<\/strong> 14.00 Uhr<\/div>\n<div class=\"wpb_wrapper\"><strong>Check out:<\/strong> 10.00 Uhr<\/div>\n<div class=\"wpb_wrapper\"><\/div>\n<\/div>\n<\/div>\n<\/div>\n<\/div>\n<\/div>\n<\/div>\n<\/div>\n<p>[\/vc_column_text][stm_spacer height=&#8221;32&#8243; height_laptop=&#8221;25&#8243; height_tablet=&#8221;25&#8243; height_mobile=&#8221;25&#8243;][\/vc_column][vc_column width=&#8221;1\/4&#8243;][\/vc_column][\/vc_row][vc_row][vc_column width=&#8221;1\/4&#8243;][\/vc_column][vc_column width=&#8221;1\/2&#8243;][vc_custom_heading text=&#8221;Anreise&#8221; font_container=&#8221;tag:h2|text_align:center&#8221; use_theme_fonts=&#8221;yes&#8221; heading_icon=&#8221;stmicon-haircut&#8221; heading_icon_color=&#8221;ttc&#8221;][stm_spacer height=&#8221;5&#8243; height_laptop=&#8221;5&#8243; height_tablet=&#8221;5&#8243; height_mobile=&#8221;5&#8243;][vc_column_text]<\/p>\n<div class=\"wpb_text_column wpb_content_element vc_custom_1661542458861\">\n<div class=\"wpb_wrapper\">\n<div id=\"pg-4402-0\" class=\"panel-grid panel-no-style\">\n<div id=\"pgc-4402-0-0\" class=\"panel-grid-cell\">\n<div id=\"panel-4402-0-0-0\" class=\"so-panel widget widget_text panel-first-child panel-last-child\" data-index=\"0\">\n<div class=\"textwidget\">\n<div class=\"wpb_text_column wpb_content_element vc_custom_1662028594502\">\n<div class=\"wpb_wrapper\"><strong>Anreise \/ Lage\u00a0<\/strong><\/div>\n<div class=\"wpb_wrapper\">Die Pension Angern und Dorf Alm liegen am Ortsanfang, ca. 150 m nach der Hochgurgl-Gondelbahnen. Pension Angern: Vor der Kapelle links die Einfahrt hinauf, das Haus Nr. 67 hinter der Dorf Alm. Die Dorf Alm liegt unmittelbar neben der Kapelle.<\/div>\n<\/div>\n<\/div>\n<\/div>\n<\/div>\n<\/div>\n<\/div>\n<\/div>\n<p>[\/vc_column_text][stm_spacer height=&#8221;32&#8243; height_laptop=&#8221;25&#8243; height_tablet=&#8221;25&#8243; height_mobile=&#8221;25&#8243;][\/vc_column][vc_column width=&#8221;1\/4&#8243;][\/vc_column][\/vc_row][vc_row][vc_column width=&#8221;1\/4&#8243;][\/vc_column][vc_column width=&#8221;1\/2&#8243;][vc_custom_heading text=&#8221;Internet&#8221; font_container=&#8221;tag:h2|text_align:center&#8221; use_theme_fonts=&#8221;yes&#8221; heading_icon=&#8221;stmicon-haircut&#8221; heading_icon_color=&#8221;ttc&#8221;][stm_spacer height=&#8221;5&#8243; height_laptop=&#8221;5&#8243; height_tablet=&#8221;5&#8243; height_mobile=&#8221;5&#8243;][vc_column_text]<\/p>\n<div class=\"wpb_text_column wpb_content_element vc_custom_1661542458861\">\n<div class=\"wpb_wrapper\">\n<div id=\"pg-4402-0\" class=\"panel-grid panel-no-style\">\n<div id=\"pgc-4402-0-0\" class=\"panel-grid-cell\">\n<div id=\"panel-4402-0-0-0\" class=\"so-panel widget widget_text panel-first-child panel-last-child\" data-index=\"0\">\n<div class=\"textwidget\">\n<div class=\"wpb_text_column wpb_content_element vc_custom_1662028594502\">\n<div class=\"wpb_wrapper\">\n<div class=\"bui-spacer--large\">\n<div class=\"hotel-facilities-group\" data-section-id=\"11\">\n<div class=\"bui-title bui-title--strong_1 bui-spacer--medium hotel-facilities-group__title\">\n<div class=\"bui-spacer--medium hotel-facilities-group__policy\">WLAN ist in den \u00f6ffentlichen Bereichen nutzbar und ist kostenfrei.<\/div>\n<\/div>\n<\/div>\n<\/div>\n<div class=\"bui-spacer--large\">\n<div class=\"hotel-facilities-group\" data-section-id=\"16\">\n<div class=\"bui-title bui-title--strong_1 bui-spacer--medium hotel-facilities-group__title\">\n<div class=\"bui-title__text hotel-facilities-group__title-text\"><\/div>\n<\/div>\n<\/div>\n<\/div>\n<div class=\"bui-title bui-title--strong_1 bui-spacer--medium hotel-facilities-group__title\"><\/div>\n<div class=\"bui-spacer--medium hotel-facilities-group__policy\"><\/div>\n<\/div>\n<\/div>\n<\/div>\n<\/div>\n<\/div>\n<\/div>\n<\/div>\n<\/div>\n<p>[\/vc_column_text][stm_spacer height=&#8221;32&#8243; height_laptop=&#8221;25&#8243; height_tablet=&#8221;25&#8243; height_mobile=&#8221;25&#8243;][\/vc_column][vc_column width=&#8221;1\/4&#8243;][\/vc_column][\/vc_row][vc_row][vc_column width=&#8221;1\/4&#8243;][\/vc_column][vc_column width=&#8221;1\/2&#8243;][vc_custom_heading text=&#8221;Parkm\u00f6glichkeiten&#8221; font_container=&#8221;tag:h2|text_align:center&#8221; use_theme_fonts=&#8221;yes&#8221; heading_icon=&#8221;stmicon-haircut&#8221; heading_icon_color=&#8221;ttc&#8221;][stm_spacer height=&#8221;5&#8243; height_laptop=&#8221;5&#8243; height_tablet=&#8221;5&#8243; height_mobile=&#8221;5&#8243;][vc_column_text]<\/p>\n<div class=\"wpb_text_column wpb_content_element vc_custom_1661542458861\">\n<div class=\"wpb_wrapper\">\n<div id=\"pg-4402-0\" class=\"panel-grid panel-no-style\">\n<div id=\"pgc-4402-0-0\" class=\"panel-grid-cell\">\n<div id=\"panel-4402-0-0-0\" class=\"so-panel widget widget_text panel-first-child panel-last-child\" data-index=\"0\">\n<div class=\"textwidget\">\n<div class=\"wpb_text_column wpb_content_element vc_custom_1662028594502\">\n<div class=\"wpb_wrapper\">\n<div class=\"bui-title bui-title--strong_1 bui-spacer--medium hotel-facilities-group__title\"><\/div>\n<div class=\"bui-spacer--medium hotel-facilities-group__policy\">Private Parkpl\u00e4tze stehen kostenfrei an der Unterkunft (Reservierung ist nicht erforderlich) zur Verf\u00fcgung.<\/div>\n<\/div>\n<\/div>\n<\/div>\n<\/div>\n<\/div>\n<\/div>\n<\/div>\n<\/div>\n<p>[\/vc_column_text][stm_spacer height=&#8221;32&#8243; height_laptop=&#8221;25&#8243; height_tablet=&#8221;25&#8243; height_mobile=&#8221;25&#8243;][\/vc_column][vc_column width=&#8221;1\/4&#8243;][\/vc_column][\/vc_row][vc_row][vc_column width=&#8221;1\/4&#8243;][\/vc_column][vc_column width=&#8221;1\/2&#8243;][vc_custom_heading text=&#8221;Nicht-Raucherunterkunft&#8221; font_container=&#8221;tag:h2|text_align:center&#8221; use_theme_fonts=&#8221;yes&#8221; heading_icon=&#8221;stmicon-haircut&#8221; heading_icon_color=&#8221;ttc&#8221;][stm_spacer height=&#8221;5&#8243; height_laptop=&#8221;5&#8243; height_tablet=&#8221;5&#8243; height_mobile=&#8221;5&#8243;][vc_column_text]<\/p>\n<div class=\"wpb_text_column wpb_content_element vc_custom_1661542458861\">\n<div class=\"wpb_wrapper\">\n<div id=\"pg-4402-0\" class=\"panel-grid panel-no-style\">\n<div id=\"pgc-4402-0-0\" class=\"panel-grid-cell\">\n<div id=\"panel-4402-0-0-0\" class=\"so-panel widget widget_text panel-first-child panel-last-child\" data-index=\"0\">\n<div class=\"textwidget\">\n<div class=\"wpb_text_column wpb_content_element vc_custom_1662028594502\">\n<div class=\"wpb_wrapper\">Unsere Zimmer sind Nicht-Raucherzimmer. Alle \u00f6ffentlichen und privaten Bereiche sind ebenfalls Nichtraucherzonen.<\/div>\n<\/div>\n<\/div>\n<\/div>\n<\/div>\n<\/div>\n<\/div>\n<\/div>\n<p>[\/vc_column_text][stm_spacer height=&#8221;32&#8243; height_laptop=&#8221;25&#8243; height_tablet=&#8221;25&#8243; height_mobile=&#8221;25&#8243;][\/vc_column][vc_column width=&#8221;1\/4&#8243;][\/vc_column][\/vc_row]<\/p>\n<\/div>","protected":false},"excerpt":{"rendered":"<p>[vc_row][vc_column][stm_spacer height=&#8221;25&#8243; height_laptop=&#8221;25&#8243; height_tablet=&#8221;25&#8243; height_mobile=&#8221;25&#8243;][\/vc_column][\/vc_row][vc_row][vc_column width=&#8221;1\/4&#8243;][\/vc_column][vc_column width=&#8221;1\/2&#8243;][vc_custom_heading text=&#8221;Allgemeine Informationen&#8221; font_container=&#8221;tag:h2|text_align:center&#8221; use_theme_fonts=&#8221;yes&#8221; heading_icon=&#8221;stmicon-haircut&#8221; heading_icon_color=&#8221;ttc&#8221;][vc_column_text css=&#8221;&#8221;] Preise Preise verstehen sich im Winter inklusive: Halbpension mit Fr\u00fcst\u00fccksbuffet und 3-g\u00e4ngigem Abendmen\u00fc (Fr-Mi). Preise verstehen sich exklusive: Ortstaxe und Halbpension am Donnerstag (im Winter). Am Donnerstag hat das Restaurant am Abend geschlossen, der Preis\u00a0 am Donnerstag wird nur f\u00fcr \u00dcbernachtung [&hellip;]<\/p>\n","protected":false},"author":1,"featured_media":0,"parent":0,"menu_order":0,"comment_status":"closed","ping_status":"closed","template":"","meta":{"nf_dc_page":"","footnotes":""},"class_list":["post-1334","page","type-page","status-publish","hentry"],"yoast_head":"<!-- This site is optimized with the Yoast SEO plugin v27.6 - https:\/\/yoast.com\/product\/yoast-seo-wordpress\/ -->\n<title>Allgemeine Infos - Pension Angern &amp; Dorf Alm<\/title>\n<meta name=\"robots\" content=\"index, follow, max-snippet:-1, max-image-preview:large, max-video-preview:-1\" \/>\n<link rel=\"canonical\" href=\"https:\/\/pension-angern.com\/2024\/services\/\" \/>\n<meta property=\"og:locale\" content=\"de_DE\" \/>\n<meta property=\"og:type\" content=\"article\" \/>\n<meta property=\"og:title\" content=\"Allgemeine Infos - Pension Angern &amp; Dorf Alm\" \/>\n<meta property=\"og:description\" content=\"[vc_row][vc_column][stm_spacer height=&#8221;25&#8243; height_laptop=&#8221;25&#8243; height_tablet=&#8221;25&#8243; height_mobile=&#8221;25&#8243;][\/vc_column][\/vc_row][vc_row][vc_column width=&#8221;1\/4&#8243;][\/vc_column][vc_column width=&#8221;1\/2&#8243;][vc_custom_heading text=&#8221;Allgemeine Informationen&#8221; font_container=&#8221;tag:h2|text_align:center&#8221; use_theme_fonts=&#8221;yes&#8221; heading_icon=&#8221;stmicon-haircut&#8221; heading_icon_color=&#8221;ttc&#8221;][vc_column_text css=&#8221;&#8221;] Preise Preise verstehen sich im Winter inklusive: Halbpension mit Fr\u00fcst\u00fccksbuffet und 3-g\u00e4ngigem Abendmen\u00fc (Fr-Mi). Preise verstehen sich exklusive: Ortstaxe und Halbpension am Donnerstag (im Winter). Am Donnerstag hat das Restaurant am Abend geschlossen, der Preis\u00a0 am Donnerstag wird nur f\u00fcr \u00dcbernachtung [&hellip;]\" \/>\n<meta property=\"og:url\" content=\"https:\/\/pension-angern.com\/2024\/services\/\" \/>\n<meta property=\"og:site_name\" content=\"Pension Angern &amp; Dorf Alm\" \/>\n<meta property=\"article:modified_time\" content=\"2025-11-17T18:09:23+00:00\" \/>\n<meta name=\"twitter:card\" content=\"summary_large_image\" \/>\n<meta name=\"twitter:label1\" content=\"Gesch\u00e4tzte Lesezeit\" \/>\n\t<meta name=\"twitter:data1\" content=\"3 Minuten\" \/>\n<script type=\"application\/ld+json\" class=\"yoast-schema-graph\">{\"@context\":\"https:\\\/\\\/schema.org\",\"@graph\":[{\"@type\":\"WebPage\",\"@id\":\"https:\\\/\\\/pension-angern.com\\\/2024\\\/services\\\/\",\"url\":\"https:\\\/\\\/pension-angern.com\\\/2024\\\/services\\\/\",\"name\":\"Allgemeine Infos - Pension Angern &amp; Dorf Alm\",\"isPartOf\":{\"@id\":\"https:\\\/\\\/pension-angern.com\\\/2024\\\/#website\"},\"datePublished\":\"2018-10-12T10:24:10+00:00\",\"dateModified\":\"2025-11-17T18:09:23+00:00\",\"breadcrumb\":{\"@id\":\"https:\\\/\\\/pension-angern.com\\\/2024\\\/services\\\/#breadcrumb\"},\"inLanguage\":\"de-AT\",\"potentialAction\":[{\"@type\":\"ReadAction\",\"target\":[\"https:\\\/\\\/pension-angern.com\\\/2024\\\/services\\\/\"]}]},{\"@type\":\"BreadcrumbList\",\"@id\":\"https:\\\/\\\/pension-angern.com\\\/2024\\\/services\\\/#breadcrumb\",\"itemListElement\":[{\"@type\":\"ListItem\",\"position\":1,\"name\":\"Home\",\"item\":\"https:\\\/\\\/pension-angern.com\\\/2024\\\/\"},{\"@type\":\"ListItem\",\"position\":2,\"name\":\"Allgemeine Infos\"}]},{\"@type\":\"WebSite\",\"@id\":\"https:\\\/\\\/pension-angern.com\\\/2024\\\/#website\",\"url\":\"https:\\\/\\\/pension-angern.com\\\/2024\\\/\",\"name\":\"Pension Angern &amp; Dorf Alm\",\"description\":\"Pension Angern &amp; Dorf Alm\",\"publisher\":{\"@id\":\"https:\\\/\\\/pension-angern.com\\\/2024\\\/#organization\"},\"potentialAction\":[{\"@type\":\"SearchAction\",\"target\":{\"@type\":\"EntryPoint\",\"urlTemplate\":\"https:\\\/\\\/pension-angern.com\\\/2024\\\/?s={search_term_string}\"},\"query-input\":{\"@type\":\"PropertyValueSpecification\",\"valueRequired\":true,\"valueName\":\"search_term_string\"}}],\"inLanguage\":\"de-AT\"},{\"@type\":\"Organization\",\"@id\":\"https:\\\/\\\/pension-angern.com\\\/2024\\\/#organization\",\"name\":\"Pension Angern &amp; Dorf Alm\",\"url\":\"https:\\\/\\\/pension-angern.com\\\/2024\\\/\",\"logo\":{\"@type\":\"ImageObject\",\"inLanguage\":\"de-AT\",\"@id\":\"https:\\\/\\\/pension-angern.com\\\/2024\\\/#\\\/schema\\\/logo\\\/image\\\/\",\"url\":\"https:\\\/\\\/i0.wp.com\\\/pension-angern.com\\\/2024\\\/wp-content\\\/uploads\\\/2022\\\/08\\\/cropped-Logo_dorfalm_angern_white.jpg?fit=530%2C402&ssl=1\",\"contentUrl\":\"https:\\\/\\\/i0.wp.com\\\/pension-angern.com\\\/2024\\\/wp-content\\\/uploads\\\/2022\\\/08\\\/cropped-Logo_dorfalm_angern_white.jpg?fit=530%2C402&ssl=1\",\"width\":530,\"height\":402,\"caption\":\"Pension Angern &amp; Dorf Alm\"},\"image\":{\"@id\":\"https:\\\/\\\/pension-angern.com\\\/2024\\\/#\\\/schema\\\/logo\\\/image\\\/\"}}]}<\/script>\n<!-- \/ Yoast SEO plugin. -->","yoast_head_json":{"title":"Allgemeine Infos - Pension Angern &amp; Dorf Alm","robots":{"index":"index","follow":"follow","max-snippet":"max-snippet:-1","max-image-preview":"max-image-preview:large","max-video-preview":"max-video-preview:-1"},"canonical":"https:\/\/pension-angern.com\/2024\/services\/","og_locale":"de_DE","og_type":"article","og_title":"Allgemeine Infos - Pension Angern &amp; Dorf Alm","og_description":"[vc_row][vc_column][stm_spacer height=&#8221;25&#8243; height_laptop=&#8221;25&#8243; height_tablet=&#8221;25&#8243; height_mobile=&#8221;25&#8243;][\/vc_column][\/vc_row][vc_row][vc_column width=&#8221;1\/4&#8243;][\/vc_column][vc_column width=&#8221;1\/2&#8243;][vc_custom_heading text=&#8221;Allgemeine Informationen&#8221; font_container=&#8221;tag:h2|text_align:center&#8221; use_theme_fonts=&#8221;yes&#8221; heading_icon=&#8221;stmicon-haircut&#8221; heading_icon_color=&#8221;ttc&#8221;][vc_column_text css=&#8221;&#8221;] Preise Preise verstehen sich im Winter inklusive: Halbpension mit Fr\u00fcst\u00fccksbuffet und 3-g\u00e4ngigem Abendmen\u00fc (Fr-Mi). Preise verstehen sich exklusive: Ortstaxe und Halbpension am Donnerstag (im Winter). Am Donnerstag hat das Restaurant am Abend geschlossen, der Preis\u00a0 am Donnerstag wird nur f\u00fcr \u00dcbernachtung [&hellip;]","og_url":"https:\/\/pension-angern.com\/2024\/services\/","og_site_name":"Pension Angern &amp; Dorf Alm","article_modified_time":"2025-11-17T18:09:23+00:00","twitter_card":"summary_large_image","twitter_misc":{"Gesch\u00e4tzte Lesezeit":"3 Minuten"},"schema":{"@context":"https:\/\/schema.org","@graph":[{"@type":"WebPage","@id":"https:\/\/pension-angern.com\/2024\/services\/","url":"https:\/\/pension-angern.com\/2024\/services\/","name":"Allgemeine Infos - Pension Angern &amp; Dorf Alm","isPartOf":{"@id":"https:\/\/pension-angern.com\/2024\/#website"},"datePublished":"2018-10-12T10:24:10+00:00","dateModified":"2025-11-17T18:09:23+00:00","breadcrumb":{"@id":"https:\/\/pension-angern.com\/2024\/services\/#breadcrumb"},"inLanguage":"de-AT","potentialAction":[{"@type":"ReadAction","target":["https:\/\/pension-angern.com\/2024\/services\/"]}]},{"@type":"BreadcrumbList","@id":"https:\/\/pension-angern.com\/2024\/services\/#breadcrumb","itemListElement":[{"@type":"ListItem","position":1,"name":"Home","item":"https:\/\/pension-angern.com\/2024\/"},{"@type":"ListItem","position":2,"name":"Allgemeine Infos"}]},{"@type":"WebSite","@id":"https:\/\/pension-angern.com\/2024\/#website","url":"https:\/\/pension-angern.com\/2024\/","name":"Pension Angern &amp; Dorf Alm","description":"Pension Angern &amp; Dorf Alm","publisher":{"@id":"https:\/\/pension-angern.com\/2024\/#organization"},"potentialAction":[{"@type":"SearchAction","target":{"@type":"EntryPoint","urlTemplate":"https:\/\/pension-angern.com\/2024\/?s={search_term_string}"},"query-input":{"@type":"PropertyValueSpecification","valueRequired":true,"valueName":"search_term_string"}}],"inLanguage":"de-AT"},{"@type":"Organization","@id":"https:\/\/pension-angern.com\/2024\/#organization","name":"Pension Angern &amp; Dorf Alm","url":"https:\/\/pension-angern.com\/2024\/","logo":{"@type":"ImageObject","inLanguage":"de-AT","@id":"https:\/\/pension-angern.com\/2024\/#\/schema\/logo\/image\/","url":"https:\/\/i0.wp.com\/pension-angern.com\/2024\/wp-content\/uploads\/2022\/08\/cropped-Logo_dorfalm_angern_white.jpg?fit=530%2C402&ssl=1","contentUrl":"https:\/\/i0.wp.com\/pension-angern.com\/2024\/wp-content\/uploads\/2022\/08\/cropped-Logo_dorfalm_angern_white.jpg?fit=530%2C402&ssl=1","width":530,"height":402,"caption":"Pension Angern &amp; Dorf Alm"},"image":{"@id":"https:\/\/pension-angern.com\/2024\/#\/schema\/logo\/image\/"}}]}},"jetpack_sharing_enabled":true,"_links":{"self":[{"href":"https:\/\/pension-angern.com\/2024\/wp-json\/wp\/v2\/pages\/1334","targetHints":{"allow":["GET"]}}],"collection":[{"href":"https:\/\/pension-angern.com\/2024\/wp-json\/wp\/v2\/pages"}],"about":[{"href":"https:\/\/pension-angern.com\/2024\/wp-json\/wp\/v2\/types\/page"}],"author":[{"embeddable":true,"href":"https:\/\/pension-angern.com\/2024\/wp-json\/wp\/v2\/users\/1"}],"replies":[{"embeddable":true,"href":"https:\/\/pension-angern.com\/2024\/wp-json\/wp\/v2\/comments?post=1334"}],"version-history":[{"count":5,"href":"https:\/\/pension-angern.com\/2024\/wp-json\/wp\/v2\/pages\/1334\/revisions"}],"predecessor-version":[{"id":2066,"href":"https:\/\/pension-angern.com\/2024\/wp-json\/wp\/v2\/pages\/1334\/revisions\/2066"}],"wp:attachment":[{"href":"https:\/\/pension-angern.com\/2024\/wp-json\/wp\/v2\/media?parent=1334"}],"curies":[{"name":"wp","href":"https:\/\/api.w.org\/{rel}","templated":true}]}}