{"id":1558,"date":"2022-08-25T07:57:00","date_gmt":"2022-08-25T07:57:00","guid":{"rendered":"https:\/\/pension-angern.com\/2024\/?page_id=1558"},"modified":"2022-08-26T21:07:40","modified_gmt":"2022-08-26T21:07:40","slug":"datenschutz","status":"publish","type":"page","link":"https:\/\/pension-angern.com\/2024\/datenschutz\/","title":{"rendered":"Datenschutz"},"content":{"rendered":"<div class=\"wpb-content-wrapper\"><p>[vc_section css=&#8221;.vc_custom_1660924553937{margin-top: -35px !important;background-image: url(https:\/\/pension-angern.com\/2024\/wp-content\/uploads\/2022\/08\/pat2.png?id=1470) !important;}&#8221; el_class=&#8221;fixed_bg&#8221;][vc_row][vc_column][stm_spacer height=&#8221;124&#8243; height_tablet=&#8221;100&#8243; height_mobile=&#8221;100&#8243;][vc_custom_heading text=&#8221;Impressum &amp; Datenschutz&#8221; font_container=&#8221;tag:h2|text_align:center&#8221; use_theme_fonts=&#8221;yes&#8221; heading_icon=&#8221;stmicon-haircut&#8221; heading_icon_color=&#8221;ttc&#8221;][vc_column_text]<strong>Impressum<\/strong><\/p>\n<p>Pension Angern<br \/>\nFam. Teresa Scheiber<br \/>\nTel: (+43) (0)664 1323838<br \/>\nEmail: info@pension-angern.com<br \/>\nAddress: Gurglerstrasse 67, Angern 6456 Obergurgl<\/p>\n<h3 class=\"widget-title\">Datenschutzerkl\u00e4gung<\/h3>\n<div class=\"textwidget\">\n<p>Der Schutz Ihrer pers\u00f6nlichen Daten ist uns ein besonderes Anliegen. Wir verarbeiten Ihre Daten daher ausschlie\u00dflich auf Grundlage der gesetzlichen Bestimmungen (DSGVO, TKG 2003). In diesen Datenschutzinformationen informieren wir Sie \u00fcber die wichtigsten Aspekte der Datenverarbeitung im Rahmen unserer Website www.pension-angern.com<\/p>\n<p><strong>Kontakt mit uns<\/strong><\/p>\n<p>Wenn Sie per Formular auf der Website oder per E-Mail Kontakt mit uns aufnehmen, werden Ihre angegebenen Daten zwecks Bearbeitung der Anfrage und f\u00fcr den Fall von Anschlussfragen sechs Monate bei uns gespeichert. Diese Daten geben wir nicht ohne Ihre Einwilligung weiter.<\/p>\n<p><strong>Datenspeicherung<\/strong><br \/>\nWir weisen darauf hin, dass zum Zweck der Vertragsabwicklung folgende Daten bei uns gespeichert werden:<br \/>\nName und Anschrift, Ansprechpartner, Emailadresse und Telefonnummer, Firmenbuchnummer, UID-Nummer.<br \/>\nIm Falle von Wartungsgesch\u00e4ften speichern wir zus\u00e4tzlich zu o.a. Daten noch die abonnierten Leistungen, die Laufzeit des Vertrages sowie die Zahlungsdaten.<\/p>\n<p>Die von Ihnen bereit gestellten Daten sind zur Vertragserf\u00fcllung bzw. zur Durchf\u00fchrung vorvertraglicher und vertraglicher Ma\u00dfnahmen erforderlich. Eine Daten\u00fcbermittlung an Dritte erfolgt nicht, mit Ausnahme an unseren Steuerberater zur Erf\u00fcllung unserer steuerrechtlichen Verpflichtungen.<\/p>\n<p>Im Falle eines Vertragsabschlusses werden s\u00e4mtliche Daten aus dem Vertragsverh\u00e4ltnis bis zum Ablauf der steuerrechtlichen Aufbewahrungsfrist (7 Jahre) gespeichert. Die Datenverarbeitung erfolgt auf Basis der gesetzlichen Bestimmungen des Art 6 Abs 1 lit a (Einwilligung) und\/oder lit b (notwendig zur Vertragserf\u00fcllung) der DSGVO.<\/p>\n<p><strong>SSL\/TLS-Verschl\u00fcsselung<\/strong><\/p>\n<p>Um Ihre \u00fcbermittelten Daten bestm\u00f6glich zu sch\u00fctzen, nutzen wir als Websitenbetreiber eine SSL\/TLS-Verschl\u00fcsselung. Sie erkennen derart verschl\u00fcsselte Verbindungen an dem Pr\u00e4fix \u201chttps:\/\/\u201c in der Adresszeile Ihres Browsers. Unverschl\u00fcsselte Verbindungen sind durch \u201ehttp:\/\/\u201c gekennzeichnet. Ebenso erkennen Sie eine sichere Verbindung an dem gr\u00fcnen, geschlossenen Schloss neben der Internet-Adresse.<br \/>\nS\u00e4mtliche Daten, welche Sie an diese Website \u00fcbermitteln \u2013 etwa bei Anfragen oder Logins \u2013 k\u00f6nnen dank SSL\/TLS-Verschl\u00fcsselung nicht von Dritten gelesen werden.<\/p>\n<p><strong>Cookies<\/strong><\/p>\n<p class=\"bodytext\"><strong>Unsere Website verwendet so genannte Cookies.<\/strong> Dabei handelt es sich um kleine Textdateien, die mit Hilfe des Browsers auf Ihrem Endger\u00e4t abgelegt werden. Sie richten keinen Schaden an.<br \/>\nWir nutzen Cookies dazu, unser Angebot nutzerfreundlich zu gestalten. Einige Cookies bleiben auf Ihrem Endger\u00e4t gespeichert, bis Sie diese l\u00f6schen. Sie erm\u00f6glichen es uns, Ihren Browser beim n\u00e4chsten Besuch wiederzuerkennen.<br \/>\nWenn Sie dies nicht w\u00fcnschen, so k\u00f6nnen Sie Ihren Browser so einrichten, dass er Sie \u00fcber das Setzen von Cookies informiert und Sie dies nur im Einzelfall erlauben.<br \/>\nBei der Deaktivierung von Cookies kann die Funktionalit\u00e4t unserer Website eingeschr\u00e4nkt sein.<\/p>\n<h2>Zugriffsdaten<\/h2>\n<p>Der Websitebetreiber bzw. Seitenprovider erhebt Daten \u00fcber Zugriffe auf die Seite und speichert diese als \u201eServer-Logfiles\u201c ab. Folgende Daten werden so protokolliert:<\/p>\n<p>Besuchte Website<br \/>\nUhrzeit zum Zeitpunkt des Zugriffes<br \/>\nMenge der gesendeten Daten in Byte<br \/>\nQuelle\/Verweis, von welchem Sie auf die Seite gelangten<br \/>\nVerwendeter Browser<br \/>\nVerwendetes Betriebssystem<br \/>\nVerwendete IP-Adresse<\/p>\n<p>Die erhobenen Daten dienen lediglich statistischen Auswertungen und zur Verbesserung der Website. Der Websitebetreiber beh\u00e4lt sich allerdings vor, die Server-Logfiles nachtr\u00e4glich zu \u00fcberpr\u00fcfen, sollten konkrete Anhaltspunkte auf eine rechtswidrige Nutzung hinweisen.<\/p>\n<p><strong>Google Analytics<\/strong><\/p>\n<p>Diese Website nutzt den Dienst \u201eGoogle Analytics\u201c, welcher von der Google Inc. (1600 Amphitheatre Parkway Mountain View, CA 94043, USA) angeboten wird, zur Analyse der Websitebenutzung durch Nutzer. Der Dienst verwendet \u201eCookies\u201c \u2013 Textdateien, welche auf Ihrem Endger\u00e4t gespeichert werden. Die durch die Cookies gesammelten Informationen werden im Regelfall an einen Google-Server in den USA gesandt und dort gespeichert.<\/p>\n<p><strong>Browser-Add-on zur Deaktivierung von Google Analytics<\/strong><br \/>\nWeiterhin k\u00f6nnen Sie durch ein Browser-Plugin verhindern, dass die durch Cookies gesammelten Informationen (inklusive Ihrer IP-Adresse) an die Google Inc. gesendet und von der Google Inc. genutzt werden. Folgender Link f\u00fchrt Sie zu dem entsprechenden Plugin: <a href=\"https:\/\/tools.google.com\/dlpage\/gaoptout?hl=de\">https:\/\/tools.google.com\/dlpage\/gaoptout?hl=de\u2028<\/a><\/p>\n<p>Alternativ verhindern Sie mit einem Klick auf folgenden Link, dass Google Analytics innerhalb dieser Website Daten \u00fcber Sie erfasst.<\/p>\n<p>Hier klicken, um Google Analytics zu deaktivieren <a href=\"https:\/\/tools.google.com\/dlpage\/gaoptout?hl=de\">https:\/\/tools.google.com\/dlpage\/gaoptout?hl=de<\/a><\/p>\n<p>Mit dem Klick auf obigen Link laden Sie ein \u201eOpt-Out-Cookie\u201c herunter, sie werden auf keine externe Seite weitergeleitet. Ihr Browser muss die Speicherung von Cookies also hierzu grunds\u00e4tzlich erlauben. L\u00f6schen Sie Ihre Cookies regelm\u00e4\u00dfig, ist ein erneuter Klick auf den Link bei jedem Besuch dieser Website vonn\u00f6ten.<\/p>\n<p>Hier finden Sie weitere Informationen zur Datennutzung durch die Google Inc.: <a href=\"https:\/\/support.google.com\/analytics\/answer\/6004245?hl=de\">https:\/\/support.google.com\/analytics\/answer\/6004245?hl=de<\/a><br \/>\nSie k\u00f6nnen dies verhindern, indem Sie Ihren Browser so einrichten, dass keine Cookies gespeichert werden. Wir haben mit dem Anbieter einen entsprechenden Vertrag zur Auftragsdatenverarbeitung abgeschlossen.<br \/>\nIhre Rechte<\/p>\n<p>Ihnen stehen grunds\u00e4tzlich die Rechte auf Auskunft, Berichtigung, L\u00f6schung, Einschr\u00e4nkung, Daten\u00fcbertragbarkeit, Widerruf und Widerspruch zu. Wenn Sie glauben, dass die Verarbeitung Ihrer Daten gegen das Datenschutzrecht verst\u00f6\u00dft oder Ihre datenschutzrechtlichen Anspr\u00fcche sonst in einer Weise verletzt worden sind, k\u00f6nnen Sie sich bei der Aufsichtsbeh\u00f6rde beschweren. In \u00d6sterreich ist dies die Datenschutzbeh\u00f6rde.<\/p>\n<p><strong>\u00a0<\/strong><br \/>\n<strong>Sie erreichen uns unter folgenden Kontaktdaten:<\/strong><\/p>\n<p>Pension Angern und Dorf Alm<br \/>\nFam. Teresa Scheiber<br \/>\nTel: (+43) (0)664 1323838<br \/>\nEmail: info@pension-angern.com<br \/>\nAddress: Gurglerstrasse 67, Angern 6456 Obergurgl<\/p>\n<\/div>\n<p>[\/vc_column_text][\/vc_column][\/vc_row][\/vc_section]<\/p>\n<\/div>","protected":false},"excerpt":{"rendered":"<p>[vc_section css=&#8221;.vc_custom_1660924553937{margin-top: -35px !important;background-image: url(https:\/\/pension-angern.com\/2024\/wp-content\/uploads\/2022\/08\/pat2.png?id=1470) !important;}&#8221; el_class=&#8221;fixed_bg&#8221;][vc_row][vc_column][stm_spacer height=&#8221;124&#8243; height_tablet=&#8221;100&#8243; height_mobile=&#8221;100&#8243;][vc_custom_heading text=&#8221;Impressum &amp; Datenschutz&#8221; font_container=&#8221;tag:h2|text_align:center&#8221; use_theme_fonts=&#8221;yes&#8221; heading_icon=&#8221;stmicon-haircut&#8221; heading_icon_color=&#8221;ttc&#8221;][vc_column_text]Impressum Pension Angern Fam. Teresa Scheiber Tel: (+43) (0)664 1323838 Email: info@pension-angern.com Address: Gurglerstrasse 67, Angern 6456 Obergurgl Datenschutzerkl\u00e4gung Der Schutz Ihrer pers\u00f6nlichen Daten ist uns ein besonderes Anliegen. Wir verarbeiten Ihre Daten daher ausschlie\u00dflich auf Grundlage der gesetzlichen [&hellip;]<\/p>\n","protected":false},"author":1,"featured_media":0,"parent":0,"menu_order":0,"comment_status":"closed","ping_status":"closed","template":"","meta":{"nf_dc_page":"","footnotes":""},"class_list":["post-1558","page","type-page","status-publish","hentry"],"yoast_head":"<!-- This site is optimized with the Yoast SEO plugin v27.6 - https:\/\/yoast.com\/product\/yoast-seo-wordpress\/ -->\n<title>Datenschutz - Pension Angern &amp; Dorf Alm<\/title>\n<meta name=\"robots\" content=\"index, follow, max-snippet:-1, max-image-preview:large, max-video-preview:-1\" \/>\n<link rel=\"canonical\" href=\"https:\/\/pension-angern.com\/2024\/datenschutz\/\" \/>\n<meta property=\"og:locale\" content=\"de_DE\" \/>\n<meta property=\"og:type\" content=\"article\" \/>\n<meta property=\"og:title\" content=\"Datenschutz - Pension Angern &amp; Dorf Alm\" \/>\n<meta property=\"og:description\" content=\"[vc_section css=&#8221;.vc_custom_1660924553937{margin-top: -35px !important;background-image: url(https:\/\/pension-angern.com\/2024\/wp-content\/uploads\/2022\/08\/pat2.png?id=1470) !important;}&#8221; el_class=&#8221;fixed_bg&#8221;][vc_row][vc_column][stm_spacer height=&#8221;124&#8243; height_tablet=&#8221;100&#8243; height_mobile=&#8221;100&#8243;][vc_custom_heading text=&#8221;Impressum &amp; Datenschutz&#8221; font_container=&#8221;tag:h2|text_align:center&#8221; use_theme_fonts=&#8221;yes&#8221; heading_icon=&#8221;stmicon-haircut&#8221; heading_icon_color=&#8221;ttc&#8221;][vc_column_text]Impressum Pension Angern Fam. Teresa Scheiber Tel: (+43) (0)664 1323838 Email: info@pension-angern.com Address: Gurglerstrasse 67, Angern 6456 Obergurgl Datenschutzerkl\u00e4gung Der Schutz Ihrer pers\u00f6nlichen Daten ist uns ein besonderes Anliegen. Wir verarbeiten Ihre Daten daher ausschlie\u00dflich auf Grundlage der gesetzlichen [&hellip;]\" \/>\n<meta property=\"og:url\" content=\"https:\/\/pension-angern.com\/2024\/datenschutz\/\" \/>\n<meta property=\"og:site_name\" content=\"Pension Angern &amp; Dorf Alm\" \/>\n<meta property=\"article:modified_time\" content=\"2022-08-26T21:07:40+00:00\" \/>\n<meta name=\"twitter:card\" content=\"summary_large_image\" \/>\n<meta name=\"twitter:label1\" content=\"Gesch\u00e4tzte Lesezeit\" \/>\n\t<meta name=\"twitter:data1\" content=\"5 Minuten\" \/>\n<script type=\"application\/ld+json\" class=\"yoast-schema-graph\">{\"@context\":\"https:\\\/\\\/schema.org\",\"@graph\":[{\"@type\":\"WebPage\",\"@id\":\"https:\\\/\\\/pension-angern.com\\\/2024\\\/datenschutz\\\/\",\"url\":\"https:\\\/\\\/pension-angern.com\\\/2024\\\/datenschutz\\\/\",\"name\":\"Datenschutz - Pension Angern &amp; Dorf Alm\",\"isPartOf\":{\"@id\":\"https:\\\/\\\/pension-angern.com\\\/2024\\\/#website\"},\"datePublished\":\"2022-08-25T07:57:00+00:00\",\"dateModified\":\"2022-08-26T21:07:40+00:00\",\"breadcrumb\":{\"@id\":\"https:\\\/\\\/pension-angern.com\\\/2024\\\/datenschutz\\\/#breadcrumb\"},\"inLanguage\":\"de-AT\",\"potentialAction\":[{\"@type\":\"ReadAction\",\"target\":[\"https:\\\/\\\/pension-angern.com\\\/2024\\\/datenschutz\\\/\"]}]},{\"@type\":\"BreadcrumbList\",\"@id\":\"https:\\\/\\\/pension-angern.com\\\/2024\\\/datenschutz\\\/#breadcrumb\",\"itemListElement\":[{\"@type\":\"ListItem\",\"position\":1,\"name\":\"Home\",\"item\":\"https:\\\/\\\/pension-angern.com\\\/2024\\\/\"},{\"@type\":\"ListItem\",\"position\":2,\"name\":\"Datenschutz\"}]},{\"@type\":\"WebSite\",\"@id\":\"https:\\\/\\\/pension-angern.com\\\/2024\\\/#website\",\"url\":\"https:\\\/\\\/pension-angern.com\\\/2024\\\/\",\"name\":\"Pension Angern &amp; Dorf Alm\",\"description\":\"Pension Angern &amp; Dorf Alm\",\"publisher\":{\"@id\":\"https:\\\/\\\/pension-angern.com\\\/2024\\\/#organization\"},\"potentialAction\":[{\"@type\":\"SearchAction\",\"target\":{\"@type\":\"EntryPoint\",\"urlTemplate\":\"https:\\\/\\\/pension-angern.com\\\/2024\\\/?s={search_term_string}\"},\"query-input\":{\"@type\":\"PropertyValueSpecification\",\"valueRequired\":true,\"valueName\":\"search_term_string\"}}],\"inLanguage\":\"de-AT\"},{\"@type\":\"Organization\",\"@id\":\"https:\\\/\\\/pension-angern.com\\\/2024\\\/#organization\",\"name\":\"Pension Angern &amp; Dorf Alm\",\"url\":\"https:\\\/\\\/pension-angern.com\\\/2024\\\/\",\"logo\":{\"@type\":\"ImageObject\",\"inLanguage\":\"de-AT\",\"@id\":\"https:\\\/\\\/pension-angern.com\\\/2024\\\/#\\\/schema\\\/logo\\\/image\\\/\",\"url\":\"https:\\\/\\\/i0.wp.com\\\/pension-angern.com\\\/2024\\\/wp-content\\\/uploads\\\/2022\\\/08\\\/cropped-Logo_dorfalm_angern_white.jpg?fit=530%2C402&ssl=1\",\"contentUrl\":\"https:\\\/\\\/i0.wp.com\\\/pension-angern.com\\\/2024\\\/wp-content\\\/uploads\\\/2022\\\/08\\\/cropped-Logo_dorfalm_angern_white.jpg?fit=530%2C402&ssl=1\",\"width\":530,\"height\":402,\"caption\":\"Pension Angern &amp; Dorf Alm\"},\"image\":{\"@id\":\"https:\\\/\\\/pension-angern.com\\\/2024\\\/#\\\/schema\\\/logo\\\/image\\\/\"}}]}<\/script>\n<!-- \/ Yoast SEO plugin. -->","yoast_head_json":{"title":"Datenschutz - Pension Angern &amp; Dorf Alm","robots":{"index":"index","follow":"follow","max-snippet":"max-snippet:-1","max-image-preview":"max-image-preview:large","max-video-preview":"max-video-preview:-1"},"canonical":"https:\/\/pension-angern.com\/2024\/datenschutz\/","og_locale":"de_DE","og_type":"article","og_title":"Datenschutz - Pension Angern &amp; Dorf Alm","og_description":"[vc_section css=&#8221;.vc_custom_1660924553937{margin-top: -35px !important;background-image: url(https:\/\/pension-angern.com\/2024\/wp-content\/uploads\/2022\/08\/pat2.png?id=1470) !important;}&#8221; el_class=&#8221;fixed_bg&#8221;][vc_row][vc_column][stm_spacer height=&#8221;124&#8243; height_tablet=&#8221;100&#8243; height_mobile=&#8221;100&#8243;][vc_custom_heading text=&#8221;Impressum &amp; Datenschutz&#8221; font_container=&#8221;tag:h2|text_align:center&#8221; use_theme_fonts=&#8221;yes&#8221; heading_icon=&#8221;stmicon-haircut&#8221; heading_icon_color=&#8221;ttc&#8221;][vc_column_text]Impressum Pension Angern Fam. Teresa Scheiber Tel: (+43) (0)664 1323838 Email: info@pension-angern.com Address: Gurglerstrasse 67, Angern 6456 Obergurgl Datenschutzerkl\u00e4gung Der Schutz Ihrer pers\u00f6nlichen Daten ist uns ein besonderes Anliegen. Wir verarbeiten Ihre Daten daher ausschlie\u00dflich auf Grundlage der gesetzlichen [&hellip;]","og_url":"https:\/\/pension-angern.com\/2024\/datenschutz\/","og_site_name":"Pension Angern &amp; Dorf Alm","article_modified_time":"2022-08-26T21:07:40+00:00","twitter_card":"summary_large_image","twitter_misc":{"Gesch\u00e4tzte Lesezeit":"5 Minuten"},"schema":{"@context":"https:\/\/schema.org","@graph":[{"@type":"WebPage","@id":"https:\/\/pension-angern.com\/2024\/datenschutz\/","url":"https:\/\/pension-angern.com\/2024\/datenschutz\/","name":"Datenschutz - Pension Angern &amp; Dorf Alm","isPartOf":{"@id":"https:\/\/pension-angern.com\/2024\/#website"},"datePublished":"2022-08-25T07:57:00+00:00","dateModified":"2022-08-26T21:07:40+00:00","breadcrumb":{"@id":"https:\/\/pension-angern.com\/2024\/datenschutz\/#breadcrumb"},"inLanguage":"de-AT","potentialAction":[{"@type":"ReadAction","target":["https:\/\/pension-angern.com\/2024\/datenschutz\/"]}]},{"@type":"BreadcrumbList","@id":"https:\/\/pension-angern.com\/2024\/datenschutz\/#breadcrumb","itemListElement":[{"@type":"ListItem","position":1,"name":"Home","item":"https:\/\/pension-angern.com\/2024\/"},{"@type":"ListItem","position":2,"name":"Datenschutz"}]},{"@type":"WebSite","@id":"https:\/\/pension-angern.com\/2024\/#website","url":"https:\/\/pension-angern.com\/2024\/","name":"Pension Angern &amp; Dorf Alm","description":"Pension Angern &amp; Dorf Alm","publisher":{"@id":"https:\/\/pension-angern.com\/2024\/#organization"},"potentialAction":[{"@type":"SearchAction","target":{"@type":"EntryPoint","urlTemplate":"https:\/\/pension-angern.com\/2024\/?s={search_term_string}"},"query-input":{"@type":"PropertyValueSpecification","valueRequired":true,"valueName":"search_term_string"}}],"inLanguage":"de-AT"},{"@type":"Organization","@id":"https:\/\/pension-angern.com\/2024\/#organization","name":"Pension Angern &amp; Dorf Alm","url":"https:\/\/pension-angern.com\/2024\/","logo":{"@type":"ImageObject","inLanguage":"de-AT","@id":"https:\/\/pension-angern.com\/2024\/#\/schema\/logo\/image\/","url":"https:\/\/i0.wp.com\/pension-angern.com\/2024\/wp-content\/uploads\/2022\/08\/cropped-Logo_dorfalm_angern_white.jpg?fit=530%2C402&ssl=1","contentUrl":"https:\/\/i0.wp.com\/pension-angern.com\/2024\/wp-content\/uploads\/2022\/08\/cropped-Logo_dorfalm_angern_white.jpg?fit=530%2C402&ssl=1","width":530,"height":402,"caption":"Pension Angern &amp; Dorf Alm"},"image":{"@id":"https:\/\/pension-angern.com\/2024\/#\/schema\/logo\/image\/"}}]}},"jetpack_sharing_enabled":true,"_links":{"self":[{"href":"https:\/\/pension-angern.com\/2024\/wp-json\/wp\/v2\/pages\/1558","targetHints":{"allow":["GET"]}}],"collection":[{"href":"https:\/\/pension-angern.com\/2024\/wp-json\/wp\/v2\/pages"}],"about":[{"href":"https:\/\/pension-angern.com\/2024\/wp-json\/wp\/v2\/types\/page"}],"author":[{"embeddable":true,"href":"https:\/\/pension-angern.com\/2024\/wp-json\/wp\/v2\/users\/1"}],"replies":[{"embeddable":true,"href":"https:\/\/pension-angern.com\/2024\/wp-json\/wp\/v2\/comments?post=1558"}],"version-history":[{"count":5,"href":"https:\/\/pension-angern.com\/2024\/wp-json\/wp\/v2\/pages\/1558\/revisions"}],"predecessor-version":[{"id":1696,"href":"https:\/\/pension-angern.com\/2024\/wp-json\/wp\/v2\/pages\/1558\/revisions\/1696"}],"wp:attachment":[{"href":"https:\/\/pension-angern.com\/2024\/wp-json\/wp\/v2\/media?parent=1558"}],"curies":[{"name":"wp","href":"https:\/\/api.w.org\/{rel}","templated":true}]}}